{"id":1395,"date":"2017-02-12T18:29:26","date_gmt":"2017-02-12T17:29:26","guid":{"rendered":"https:\/\/www.bpl24.de\/home\/"},"modified":"2022-05-31T21:18:08","modified_gmt":"2022-05-31T19:18:08","slug":"home","status":"publish","type":"page","link":"https:\/\/www.bpl24.de\/en\/","title":{"rendered":"Home"},"content":{"rendered":"<div class=\"wpb-content-wrapper\"><p>[vc_row row_height_percent=&#8221;0&#8243; override_padding=&#8221;yes&#8221; h_padding=&#8221;2&#8243; top_padding=&#8221;0&#8243; bottom_padding=&#8221;0&#8243; overlay_alpha=&#8221;50&#8243; equal_height=&#8221;yes&#8221; gutter_size=&#8221;1&#8243; shift_y=&#8221;0&#8243;][vc_column column_width_percent=&#8221;100&#8243; gutter_size=&#8221;3&#8243; back_image=&#8221;104&#8243; parallax=&#8221;yes&#8221; overlay_alpha=&#8221;50&#8243; shift_x=&#8221;0&#8243; shift_y=&#8221;0&#8243; z_index=&#8221;0&#8243; medium_width=&#8221;0&#8243; width=&#8221;1\/3&#8243;][\/vc_column][vc_column column_width_percent=&#8221;100&#8243; gutter_size=&#8221;2&#8243; override_padding=&#8221;yes&#8221; column_padding=&#8221;3&#8243; expand_height=&#8221;yes&#8221; overlay_alpha=&#8221;50&#8243; shift_x=&#8221;0&#8243; shift_y=&#8221;0&#8243; z_index=&#8221;0&#8243; medium_width=&#8221;0&#8243; width=&#8221;2\/3&#8243;][vc_custom_heading text_color=&#8221;color-203038&#8243; text_transform=&#8221;uppercase&#8221; separator=&#8221;yes&#8221; separator_color=&#8221;yes&#8221; sub_reduced=&#8221;yes&#8221; css_animation=&#8221;left-t-right&#8221; animation_speed=&#8221;500&#8243; uncode_shortcode_id=&#8221;191719&#8243; text_color_type=&#8221;uncode-palette&#8221;]Ingenieurb\u00fcro M\u00fcller &amp; Lobisch[\/vc_custom_heading][vc_column_text css_animation=&#8221;right-t-left&#8221; animation_speed=&#8221;700&#8243; uncode_shortcode_id=&#8221;113890&#8243;]<\/p>\n<ul>\n<li>non-linear FE calculation, structural design<\/li>\n<li>planning and advice<\/li>\n<li>Flatness measurement of industrial floors using the 3D laser process<\/li>\n<li>Quality assurance and quality management during construction<\/li>\n<li>Appraisals and damage analyses<\/li>\n<\/ul>\n<p>Our company specializes, among other things, in the planning, dimensioning and quality monitoring of structures made of concrete, reinforced concrete and steel fiber reinforced concrete. We would be happy to advise you on the basis of current standards and guidelines for both national and international construction projects. Due to our many years of experience and the constant further development of our areas of responsibility, we can provide you with qualified and comprehensive support.[\/vc_column_text][vc_empty_space empty_h=&#8221;2&#8243;][\/vc_column][\/vc_row][vc_row unlock_row_content=&#8221;yes&#8221; row_height_percent=&#8221;39&#8243; override_padding=&#8221;yes&#8221; h_padding=&#8221;0&#8243; top_padding=&#8221;0&#8243; bottom_padding=&#8221;0&#8243; overlay_alpha=&#8221;50&#8243; gutter_size=&#8221;0&#8243; shift_y=&#8221;0&#8243; shift_y_fixed=&#8221;yes&#8221; row_height_pixel=&#8221;250&#8243;][vc_column column_width_percent=&#8221;100&#8243; gutter_size=&#8221;3&#8243; overlay_alpha=&#8221;50&#8243; shift_x=&#8221;0&#8243; shift_y=&#8221;-2&#8243; shift_y_fixed=&#8221;yes&#8221; z_index=&#8221;2&#8243; medium_width=&#8221;0&#8243; css_animation=&#8221;right-t-left&#8221; animation_speed=&#8221;600&#8243; width=&#8221;1\/1&#8243;][vc_row_inner row_inner_height_percent=&#8221;15&#8243; back_image=&#8221;119&#8243; overlay_alpha=&#8221;50&#8243; gutter_size=&#8221;3&#8243; shift_y=&#8221;0&#8243; row_height_pixel=&#8221;150&#8243;][vc_column_inner column_width_percent=&#8221;100&#8243; gutter_size=&#8221;3&#8243; back_image=&#8221;119&#8243; overlay_alpha=&#8221;50&#8243; shift_x=&#8221;0&#8243; shift_y=&#8221;0&#8243; z_index=&#8221;0&#8243; medium_width=&#8221;0&#8243; css_animation=&#8221;right-t-left&#8221; animation_speed=&#8221;1000&#8243; animation_delay=&#8221;400&#8243; width=&#8221;1\/1&#8243;][vc_empty_space empty_h=&#8221;4&#8243;][\/vc_column_inner][\/vc_row_inner][\/vc_column][\/vc_row][vc_row row_height_percent=&#8221;0&#8243; override_padding=&#8221;yes&#8221; h_padding=&#8221;2&#8243; top_padding=&#8221;0&#8243; bottom_padding=&#8221;0&#8243; overlay_alpha=&#8221;50&#8243; equal_height=&#8221;yes&#8221; gutter_size=&#8221;1&#8243; shift_y=&#8221;0&#8243;][vc_column column_width_percent=&#8221;100&#8243; gutter_size=&#8221;2&#8243; override_padding=&#8221;yes&#8221; column_padding=&#8221;3&#8243; overlay_alpha=&#8221;50&#8243; shift_x=&#8221;0&#8243; shift_y=&#8221;0&#8243; z_index=&#8221;0&#8243; medium_width=&#8221;0&#8243; width=&#8221;2\/3&#8243;][vc_custom_heading text_color=&#8221;color-203038&#8243; text_transform=&#8221;uppercase&#8221; separator=&#8221;yes&#8221; separator_color=&#8221;yes&#8221; sub_reduced=&#8221;yes&#8221; css_animation=&#8221;left-t-right&#8221; animation_speed=&#8221;500&#8243; uncode_shortcode_id=&#8221;851894&#8243; text_color_type=&#8221;uncode-palette&#8221;]Building materials testing laboratory M\u00fcller &amp; Lobisch[\/vc_custom_heading][vc_column_text css_animation=&#8221;left-t-right&#8221; animation_speed=&#8221;600&#8243; uncode_shortcode_id=&#8221;106136&#8243;]<\/p>\n<ul>\n<li>Determination of performance classes of steel fiber reinforced concrete<\/li>\n<li>site surveillance<\/li>\n<li>fresh concrete tests<\/li>\n<li>hardened concrete tests<\/li>\n<li>structural inspections<\/li>\n<li>Chemical investigations<\/li>\n<li>soil surveys<\/li>\n<\/ul>\n<p>[\/vc_column_text][vc_empty_space empty_h=&#8221;2&#8243;][\/vc_column][vc_column column_width_percent=&#8221;100&#8243; gutter_size=&#8221;3&#8243; back_image=&#8221;104&#8243; parallax=&#8221;yes&#8221; overlay_alpha=&#8221;50&#8243; shift_x=&#8221;0&#8243; shift_y=&#8221;0&#8243; z_index=&#8221;4&#8243; medium_width=&#8221;0&#8243; width=&#8221;1\/3&#8243;][\/vc_column][\/vc_row][vc_row unlock_row_content=&#8221;yes&#8221; row_height_percent=&#8221;39&#8243; override_padding=&#8221;yes&#8221; h_padding=&#8221;0&#8243; top_padding=&#8221;0&#8243; bottom_padding=&#8221;0&#8243; overlay_alpha=&#8221;50&#8243; gutter_size=&#8221;0&#8243; shift_y=&#8221;0&#8243; shift_y_fixed=&#8221;yes&#8221; row_height_pixel=&#8221;250&#8243;][vc_column column_width_percent=&#8221;100&#8243; gutter_size=&#8221;3&#8243; overlay_alpha=&#8221;50&#8243; shift_x=&#8221;0&#8243; shift_y=&#8221;0&#8243; shift_y_fixed=&#8221;yes&#8221; z_index=&#8221;2&#8243; medium_width=&#8221;0&#8243; css_animation=&#8221;right-t-left&#8221; animation_speed=&#8221;600&#8243; width=&#8221;1\/1&#8243;][vc_row_inner row_inner_height_percent=&#8221;15&#8243; back_image=&#8221;119&#8243; overlay_alpha=&#8221;50&#8243; gutter_size=&#8221;3&#8243; shift_y=&#8221;0&#8243; row_height_pixel=&#8221;150&#8243;][vc_column_inner column_width_percent=&#8221;100&#8243; gutter_size=&#8221;3&#8243; back_image=&#8221;119&#8243; overlay_alpha=&#8221;50&#8243; shift_x=&#8221;0&#8243; shift_y=&#8221;0&#8243; z_index=&#8221;0&#8243; medium_width=&#8221;0&#8243; css_animation=&#8221;right-t-left&#8221; animation_speed=&#8221;1000&#8243; animation_delay=&#8221;400&#8243; width=&#8221;1\/1&#8243;][vc_empty_space empty_h=&#8221;3&#8243;][\/vc_column_inner][\/vc_row_inner][\/vc_column][\/vc_row][vc_row row_height_percent=&#8221;0&#8243; override_padding=&#8221;yes&#8221; h_padding=&#8221;2&#8243; top_padding=&#8221;4&#8243; bottom_padding=&#8221;4&#8243; back_image=&#8221;104&#8243; back_attachment=&#8221;fixed&#8221; overlay_color=&#8221;color-xsdn&#8221; overlay_alpha=&#8221;50&#8243; gutter_size=&#8221;3&#8243; shift_y=&#8221;0&#8243;][vc_column width=&#8221;1\/4&#8243;][\/vc_column][vc_column width=&#8221;3\/4&#8243;][vc_custom_heading text_color=&#8221;color-203038&#8243; text_transform=&#8221;uppercase&#8221; separator=&#8221;yes&#8221; separator_color=&#8221;yes&#8221; sub_reduced=&#8221;yes&#8221; css_animation=&#8221;right-t-left&#8221;]Your building materials testing laboratory: certified and versatile[\/vc_custom_heading][vc_column_text uncode_shortcode_id=&#8221;939865&#8243;]The building materials testing laboratory, which has been awarded the Concrete Testing Center W, can carry out the determination of compressive strength, flexural strength and water impermeability on test specimens produced in molds and on drill cores with certification. As a further certification, M\u00fcller &amp; Lobisch has the VMPA recognition as a concrete testing agency. Here you can rely on an excellent specialist.[\/vc_column_text][vc_empty_space empty_h=&#8221;2&#8243;][\/vc_column][\/vc_row][vc_row unlock_row_content=&#8221;yes&#8221; row_height_percent=&#8221;39&#8243; override_padding=&#8221;yes&#8221; h_padding=&#8221;0&#8243; top_padding=&#8221;0&#8243; bottom_padding=&#8221;0&#8243; overlay_alpha=&#8221;50&#8243; gutter_size=&#8221;0&#8243; shift_y=&#8221;0&#8243; shift_y_fixed=&#8221;yes&#8221; row_height_pixel=&#8221;250&#8243;][vc_column column_width_percent=&#8221;100&#8243; gutter_size=&#8221;3&#8243; overlay_alpha=&#8221;50&#8243; shift_x=&#8221;0&#8243; shift_y=&#8221;0&#8243; shift_y_fixed=&#8221;yes&#8221; z_index=&#8221;2&#8243; medium_width=&#8221;0&#8243; css_animation=&#8221;right-t-left&#8221; animation_speed=&#8221;600&#8243; width=&#8221;1\/1&#8243;][vc_row_inner row_inner_height_percent=&#8221;15&#8243; back_image=&#8221;119&#8243; overlay_alpha=&#8221;50&#8243; gutter_size=&#8221;3&#8243; shift_y=&#8221;0&#8243; row_height_pixel=&#8221;150&#8243;][vc_column_inner column_width_percent=&#8221;100&#8243; gutter_size=&#8221;3&#8243; back_image=&#8221;119&#8243; overlay_alpha=&#8221;50&#8243; shift_x=&#8221;0&#8243; shift_y=&#8221;0&#8243; z_index=&#8221;0&#8243; medium_width=&#8221;0&#8243; css_animation=&#8221;right-t-left&#8221; animation_speed=&#8221;1000&#8243; animation_delay=&#8221;400&#8243; width=&#8221;1\/1&#8243;][vc_empty_space empty_h=&#8221;3&#8243;][\/vc_column_inner][\/vc_row_inner][\/vc_column][\/vc_row][vc_row][vc_column width=&#8221;1\/1&#8243;][vc_column_text text_lead=&#8221;yes&#8221; el_class=&#8221;tophead&#8221;]Always up to date[\/vc_column_text][vc_custom_heading text_color=&#8221;color-203038&#8243; text_transform=&#8221;uppercase&#8221; separator=&#8221;yes&#8221; separator_color=&#8221;yes&#8221; sub_reduced=&#8221;yes&#8221; css_animation=&#8221;right-t-left&#8221;]News[\/vc_custom_heading][\/vc_column][\/vc_row][vc_row][vc_column width=&#8221;1\/1&#8243;][uncode_index el_id=&#8221;index-175756&#8243; loop=&#8221;size:3|order_by:date|post_type:post|taxonomy_count:10&#8243; gutter_size=&#8221;3&#8243; post_items=&#8221;media|featured|onpost|original,title&#8221; screen_lg=&#8221;1000&#8243; screen_md=&#8221;600&#8243; screen_sm=&#8221;480&#8243; single_text=&#8221;overlay&#8221; single_width=&#8221;8&#8243; single_style=&#8221;dark&#8221; single_overlay_opacity=&#8221;50&#8243; single_overlay_visible=&#8221;yes&#8221; single_overlay_anim=&#8221;no&#8221; single_text_visible=&#8221;yes&#8221; single_text_anim=&#8221;no&#8221; single_v_position=&#8221;bottom&#8221; single_padding=&#8221;2&#8243; single_title_dimension=&#8221;h1&#8243; single_title_weight=&#8221;200&#8243; single_title_transform=&#8221;uppercase&#8221; uncode_shortcode_id=&#8221;356229&#8243;][\/vc_column][\/vc_row][vc_row unlock_row_content=&#8221;yes&#8221; row_height_percent=&#8221;39&#8243; override_padding=&#8221;yes&#8221; h_padding=&#8221;0&#8243; top_padding=&#8221;0&#8243; bottom_padding=&#8221;0&#8243; overlay_alpha=&#8221;50&#8243; gutter_size=&#8221;0&#8243; shift_y=&#8221;0&#8243; shift_y_fixed=&#8221;yes&#8221; row_height_pixel=&#8221;250&#8243;][vc_column column_width_percent=&#8221;100&#8243; gutter_size=&#8221;3&#8243; overlay_alpha=&#8221;50&#8243; shift_x=&#8221;0&#8243; shift_y=&#8221;0&#8243; shift_y_fixed=&#8221;yes&#8221; z_index=&#8221;2&#8243; medium_width=&#8221;0&#8243; css_animation=&#8221;right-t-left&#8221; animation_speed=&#8221;600&#8243; width=&#8221;1\/1&#8243;][vc_row_inner row_inner_height_percent=&#8221;15&#8243; back_image=&#8221;119&#8243; overlay_alpha=&#8221;50&#8243; gutter_size=&#8221;3&#8243; shift_y=&#8221;0&#8243; row_height_pixel=&#8221;150&#8243;][vc_column_inner column_width_percent=&#8221;100&#8243; gutter_size=&#8221;3&#8243; back_image=&#8221;119&#8243; overlay_alpha=&#8221;50&#8243; shift_x=&#8221;0&#8243; shift_y=&#8221;0&#8243; z_index=&#8221;0&#8243; medium_width=&#8221;0&#8243; css_animation=&#8221;right-t-left&#8221; animation_speed=&#8221;1000&#8243; animation_delay=&#8221;400&#8243; width=&#8221;1\/1&#8243;][vc_empty_space empty_h=&#8221;3&#8243;][\/vc_column_inner][\/vc_row_inner][\/vc_column][\/vc_row]<\/p>\n<\/div>","protected":false},"excerpt":{"rendered":"<p>[vc_row row_height_percent=&#8221;0&#8243; override_padding=&#8221;yes&#8221; h_padding=&#8221;2&#8243; top_padding=&#8221;0&#8243; bottom_padding=&#8221;0&#8243; overlay_alpha=&#8221;50&#8243; equal_height=&#8221;yes&#8221; gutter_size=&#8221;1&#8243; shift_y=&#8221;0&#8243;][vc_column column_width_percent=&#8221;100&#8243; gutter_size=&#8221;3&#8243; back_image=&#8221;104&#8243; parallax=&#8221;yes&#8221; overlay_alpha=&#8221;50&#8243; shift_x=&#8221;0&#8243; shift_y=&#8221;0&#8243; z_index=&#8221;0&#8243; medium_width=&#8221;0&#8243; width=&#8221;1\/3&#8243;][\/vc_column][vc_column [&hellip;]<\/p>\n","protected":false},"author":1,"featured_media":0,"parent":0,"menu_order":0,"comment_status":"closed","ping_status":"closed","template":"","meta":[],"yoast_head":"<!-- This site is optimized with the Yoast SEO plugin v19.0 - https:\/\/yoast.com\/wordpress\/plugins\/seo\/ -->\n<title>Ingenieurb\u00fcro M\u00fcller &amp; Lobisch GmbH | bpl24<\/title>\n<meta name=\"description\" content=\"As a modern engineering office, M\u00fcller &amp; Lobisch GmbH offers quality, service and targeted solutions, competent hardened and fresh concrete tests.\" \/>\n<meta name=\"robots\" content=\"index, follow, max-snippet:-1, max-image-preview:large, max-video-preview:-1\" \/>\n<link rel=\"canonical\" href=\"https:\/\/www.bpl24.de\/en\/\" \/>\n<meta property=\"og:locale\" content=\"en_US\" \/>\n<meta property=\"og:type\" content=\"article\" \/>\n<meta property=\"og:title\" content=\"Ingenieurb\u00fcro M\u00fcller &amp; Lobisch GmbH | bpl24\" \/>\n<meta property=\"og:description\" content=\"As a modern engineering office, M\u00fcller &amp; Lobisch GmbH offers quality, service and targeted solutions, competent hardened and fresh concrete tests.\" \/>\n<meta property=\"og:url\" content=\"https:\/\/www.bpl24.de\/en\/\" \/>\n<meta property=\"og:site_name\" content=\"Ingenieurb\u00fcro | bpl24\" \/>\n<meta property=\"article:modified_time\" content=\"2022-05-31T19:18:08+00:00\" \/>\n<meta name=\"twitter:card\" content=\"summary\" \/>\n<meta name=\"twitter:label1\" content=\"Est. reading time\" \/>\n\t<meta name=\"twitter:data1\" content=\"6 minutes\" \/>\n<script type=\"application\/ld+json\" class=\"yoast-schema-graph\">{\"@context\":\"https:\/\/schema.org\",\"@graph\":[{\"@type\":\"Organization\",\"@id\":\"https:\/\/www.bpl24.de\/en\/#organization\",\"name\":\"Ingenieurb\u00fcro M\u00fcller & Lobisch GmbH\",\"url\":\"https:\/\/www.bpl24.de\/en\/\",\"sameAs\":[],\"logo\":{\"@type\":\"ImageObject\",\"inLanguage\":\"en-US\",\"@id\":\"https:\/\/www.bpl24.de\/en\/#\/schema\/logo\/image\/\",\"url\":\"https:\/\/www.bpl24.de\/wp-content\/uploads\/2017\/02\/Logo-bpl24.jpg\",\"contentUrl\":\"https:\/\/www.bpl24.de\/wp-content\/uploads\/2017\/02\/Logo-bpl24.jpg\",\"width\":600,\"height\":150,\"caption\":\"Ingenieurb\u00fcro M\u00fcller & Lobisch GmbH\"},\"image\":{\"@id\":\"https:\/\/www.bpl24.de\/en\/#\/schema\/logo\/image\/\"}},{\"@type\":\"WebSite\",\"@id\":\"https:\/\/www.bpl24.de\/en\/#website\",\"url\":\"https:\/\/www.bpl24.de\/en\/\",\"name\":\"Ingenieurb\u00fcro | bpl24\",\"description\":\"Ingenieurb\u00fcro\",\"publisher\":{\"@id\":\"https:\/\/www.bpl24.de\/en\/#organization\"},\"potentialAction\":[{\"@type\":\"SearchAction\",\"target\":{\"@type\":\"EntryPoint\",\"urlTemplate\":\"https:\/\/www.bpl24.de\/en\/?s={search_term_string}\"},\"query-input\":\"required name=search_term_string\"}],\"inLanguage\":\"en-US\"},{\"@type\":\"WebPage\",\"@id\":\"https:\/\/www.bpl24.de\/en\/#webpage\",\"url\":\"https:\/\/www.bpl24.de\/en\/\",\"name\":\"Ingenieurb\u00fcro M\u00fcller & Lobisch GmbH | bpl24\",\"isPartOf\":{\"@id\":\"https:\/\/www.bpl24.de\/en\/#website\"},\"datePublished\":\"2017-02-12T17:29:26+00:00\",\"dateModified\":\"2022-05-31T19:18:08+00:00\",\"description\":\"As a modern engineering office, M\u00fcller & Lobisch GmbH offers quality, service and targeted solutions, competent hardened and fresh concrete tests.\",\"breadcrumb\":{\"@id\":\"https:\/\/www.bpl24.de\/en\/#breadcrumb\"},\"inLanguage\":\"en-US\",\"potentialAction\":[{\"@type\":\"ReadAction\",\"target\":[\"https:\/\/www.bpl24.de\/en\/\"]}]},{\"@type\":\"BreadcrumbList\",\"@id\":\"https:\/\/www.bpl24.de\/en\/#breadcrumb\",\"itemListElement\":[{\"@type\":\"ListItem\",\"position\":1,\"name\":\"Startseite\",\"item\":\"https:\/\/www.bpl24.de\/en\/home\/\"},{\"@type\":\"ListItem\",\"position\":2,\"name\":\"Home\"}]}]}<\/script>\n<!-- \/ Yoast SEO plugin. -->","yoast_head_json":{"title":"Ingenieurb\u00fcro M\u00fcller & Lobisch GmbH | bpl24","description":"As a modern engineering office, M\u00fcller & Lobisch GmbH offers quality, service and targeted solutions, competent hardened and fresh concrete tests.","robots":{"index":"index","follow":"follow","max-snippet":"max-snippet:-1","max-image-preview":"max-image-preview:large","max-video-preview":"max-video-preview:-1"},"canonical":"https:\/\/www.bpl24.de\/en\/","og_locale":"en_US","og_type":"article","og_title":"Ingenieurb\u00fcro M\u00fcller & Lobisch GmbH | bpl24","og_description":"As a modern engineering office, M\u00fcller & Lobisch GmbH offers quality, service and targeted solutions, competent hardened and fresh concrete tests.","og_url":"https:\/\/www.bpl24.de\/en\/","og_site_name":"Ingenieurb\u00fcro | bpl24","article_modified_time":"2022-05-31T19:18:08+00:00","twitter_card":"summary","twitter_misc":{"Est. reading time":"6 minutes"},"schema":{"@context":"https:\/\/schema.org","@graph":[{"@type":"Organization","@id":"https:\/\/www.bpl24.de\/en\/#organization","name":"Ingenieurb\u00fcro M\u00fcller & Lobisch GmbH","url":"https:\/\/www.bpl24.de\/en\/","sameAs":[],"logo":{"@type":"ImageObject","inLanguage":"en-US","@id":"https:\/\/www.bpl24.de\/en\/#\/schema\/logo\/image\/","url":"https:\/\/www.bpl24.de\/wp-content\/uploads\/2017\/02\/Logo-bpl24.jpg","contentUrl":"https:\/\/www.bpl24.de\/wp-content\/uploads\/2017\/02\/Logo-bpl24.jpg","width":600,"height":150,"caption":"Ingenieurb\u00fcro M\u00fcller & Lobisch GmbH"},"image":{"@id":"https:\/\/www.bpl24.de\/en\/#\/schema\/logo\/image\/"}},{"@type":"WebSite","@id":"https:\/\/www.bpl24.de\/en\/#website","url":"https:\/\/www.bpl24.de\/en\/","name":"Ingenieurb\u00fcro | bpl24","description":"Ingenieurb\u00fcro","publisher":{"@id":"https:\/\/www.bpl24.de\/en\/#organization"},"potentialAction":[{"@type":"SearchAction","target":{"@type":"EntryPoint","urlTemplate":"https:\/\/www.bpl24.de\/en\/?s={search_term_string}"},"query-input":"required name=search_term_string"}],"inLanguage":"en-US"},{"@type":"WebPage","@id":"https:\/\/www.bpl24.de\/en\/#webpage","url":"https:\/\/www.bpl24.de\/en\/","name":"Ingenieurb\u00fcro M\u00fcller & Lobisch GmbH | bpl24","isPartOf":{"@id":"https:\/\/www.bpl24.de\/en\/#website"},"datePublished":"2017-02-12T17:29:26+00:00","dateModified":"2022-05-31T19:18:08+00:00","description":"As a modern engineering office, M\u00fcller & Lobisch GmbH offers quality, service and targeted solutions, competent hardened and fresh concrete tests.","breadcrumb":{"@id":"https:\/\/www.bpl24.de\/en\/#breadcrumb"},"inLanguage":"en-US","potentialAction":[{"@type":"ReadAction","target":["https:\/\/www.bpl24.de\/en\/"]}]},{"@type":"BreadcrumbList","@id":"https:\/\/www.bpl24.de\/en\/#breadcrumb","itemListElement":[{"@type":"ListItem","position":1,"name":"Startseite","item":"https:\/\/www.bpl24.de\/en\/home\/"},{"@type":"ListItem","position":2,"name":"Home"}]}]}},"_links":{"self":[{"href":"https:\/\/www.bpl24.de\/en\/wp-json\/wp\/v2\/pages\/1395"}],"collection":[{"href":"https:\/\/www.bpl24.de\/en\/wp-json\/wp\/v2\/pages"}],"about":[{"href":"https:\/\/www.bpl24.de\/en\/wp-json\/wp\/v2\/types\/page"}],"author":[{"embeddable":true,"href":"https:\/\/www.bpl24.de\/en\/wp-json\/wp\/v2\/users\/1"}],"replies":[{"embeddable":true,"href":"https:\/\/www.bpl24.de\/en\/wp-json\/wp\/v2\/comments?post=1395"}],"version-history":[{"count":8,"href":"https:\/\/www.bpl24.de\/en\/wp-json\/wp\/v2\/pages\/1395\/revisions"}],"predecessor-version":[{"id":1528,"href":"https:\/\/www.bpl24.de\/en\/wp-json\/wp\/v2\/pages\/1395\/revisions\/1528"}],"wp:attachment":[{"href":"https:\/\/www.bpl24.de\/en\/wp-json\/wp\/v2\/media?parent=1395"}],"curies":[{"name":"wp","href":"https:\/\/api.w.org\/{rel}","templated":true}]}}