{"id":1523,"date":"2017-02-12T18:29:56","date_gmt":"2017-02-12T17:29:56","guid":{"rendered":"https:\/\/www.bpl24.de\/imprint\/"},"modified":"2017-02-12T18:29:56","modified_gmt":"2017-02-12T17:29:56","slug":"imprint","status":"publish","type":"page","link":"https:\/\/www.bpl24.de\/en\/imprint\/","title":{"rendered":"imprint"},"content":{"rendered":"<div class=\"paragraph\">\n<p> <b>Engineering office M\u00dcLLER &amp; LOBISCH GmbH<\/b><br \/>\n At the business park 8<br \/>\n04860 Dreiheide OT S\u00fcptitz<\/p>\n<p>Phone <b>:<\/b> 03421\/706596<br \/>\n<b>Fax:<\/b> 03421\/706599<br \/>\n<b>Email:<\/b> <a title=\"\" href=\"mailto:info@bpl24.de\" target=\"_blank\" rel=\"noopener\">info@bpl24.de<\/a><br \/>\nInternet http:\/\/www.bpl24.de<br \/>\n<strong>Company headquarters<\/strong> : S\u00fcptitz<br \/>\nCommercial register B des<br \/>\ndistrict court of Leipzig<br \/>\nHRB 29026<\/p>\n<\/div>\n<h2>owner<\/h2>\n<p>Frank Lobisch &amp; Torsten Mueller<\/p>\n<h2>VAT number<\/h2>\n<div class=\"paragraph\">\n<p>DE 287 193 130<\/p>\n<p>Tax number: 239\/106\/01776<br \/>\nLeipziger Volksbank eG<br \/>\nBank code 86095604, account 100006448<br \/>\nSWIFT address: GENO DE F1 LVB<br \/>\nIBAN: DE14860956040100006448<\/p>\n<\/div>\n<h2>Disclaimer<\/h2>\n<p>Despite careful checking, we cannot assume any liability for the content of external links. The operators of these pages are solely responsible for their content.<\/p>\n<p>SAGS Online, <a href=\"https:\/\/www.sags-online.de\">advertising agency from Bayreuth<\/a> : online marketing, search engine optimization (SEO) and search engine marketing (SEM) for websites.<\/p>\n","protected":false},"excerpt":{"rendered":"<p>Engineering office M\u00dcLLER &amp; LOBISCH GmbH At the business park 8 04860 Dreiheide OT S\u00fcptitz Phone : 03421\/706596 Fax: 03421\/706599 [&hellip;]<\/p>\n","protected":false},"author":1,"featured_media":0,"parent":0,"menu_order":0,"comment_status":"closed","ping_status":"closed","template":"","meta":[],"yoast_head":"<!-- This site is optimized with the Yoast SEO plugin v19.0 - https:\/\/yoast.com\/wordpress\/plugins\/seo\/ -->\n<title>imprint - Ingenieurb\u00fcro | bpl24<\/title>\n<meta name=\"robots\" content=\"index, follow, max-snippet:-1, max-image-preview:large, max-video-preview:-1\" \/>\n<link rel=\"canonical\" href=\"https:\/\/www.bpl24.de\/en\/imprint\/\" \/>\n<meta property=\"og:locale\" content=\"en_US\" \/>\n<meta property=\"og:type\" content=\"article\" \/>\n<meta property=\"og:title\" content=\"imprint - Ingenieurb\u00fcro | bpl24\" \/>\n<meta property=\"og:description\" content=\"Engineering office M\u00dcLLER &amp; LOBISCH GmbH At the business park 8 04860 Dreiheide OT S\u00fcptitz Phone : 03421\/706596 Fax: 03421\/706599 [&hellip;]\" \/>\n<meta property=\"og:url\" content=\"https:\/\/www.bpl24.de\/en\/imprint\/\" \/>\n<meta property=\"og:site_name\" content=\"Ingenieurb\u00fcro | bpl24\" \/>\n<meta name=\"twitter:card\" content=\"summary\" \/>\n<meta name=\"twitter:label1\" content=\"Est. reading time\" \/>\n\t<meta name=\"twitter:data1\" content=\"1 minute\" \/>\n<script type=\"application\/ld+json\" class=\"yoast-schema-graph\">{\"@context\":\"https:\/\/schema.org\",\"@graph\":[{\"@type\":\"Organization\",\"@id\":\"https:\/\/www.bpl24.de\/en\/#organization\",\"name\":\"Ingenieurb\u00fcro M\u00fcller & Lobisch GmbH\",\"url\":\"https:\/\/www.bpl24.de\/en\/\",\"sameAs\":[],\"logo\":{\"@type\":\"ImageObject\",\"inLanguage\":\"en-US\",\"@id\":\"https:\/\/www.bpl24.de\/en\/#\/schema\/logo\/image\/\",\"url\":\"https:\/\/www.bpl24.de\/wp-content\/uploads\/2017\/02\/Logo-bpl24.jpg\",\"contentUrl\":\"https:\/\/www.bpl24.de\/wp-content\/uploads\/2017\/02\/Logo-bpl24.jpg\",\"width\":600,\"height\":150,\"caption\":\"Ingenieurb\u00fcro M\u00fcller & Lobisch GmbH\"},\"image\":{\"@id\":\"https:\/\/www.bpl24.de\/en\/#\/schema\/logo\/image\/\"}},{\"@type\":\"WebSite\",\"@id\":\"https:\/\/www.bpl24.de\/en\/#website\",\"url\":\"https:\/\/www.bpl24.de\/en\/\",\"name\":\"Ingenieurb\u00fcro | bpl24\",\"description\":\"Ingenieurb\u00fcro\",\"publisher\":{\"@id\":\"https:\/\/www.bpl24.de\/en\/#organization\"},\"potentialAction\":[{\"@type\":\"SearchAction\",\"target\":{\"@type\":\"EntryPoint\",\"urlTemplate\":\"https:\/\/www.bpl24.de\/en\/?s={search_term_string}\"},\"query-input\":\"required name=search_term_string\"}],\"inLanguage\":\"en-US\"},{\"@type\":\"WebPage\",\"@id\":\"https:\/\/www.bpl24.de\/en\/imprint\/#webpage\",\"url\":\"https:\/\/www.bpl24.de\/en\/imprint\/\",\"name\":\"imprint - Ingenieurb\u00fcro | bpl24\",\"isPartOf\":{\"@id\":\"https:\/\/www.bpl24.de\/en\/#website\"},\"datePublished\":\"2017-02-12T17:29:56+00:00\",\"dateModified\":\"2017-02-12T17:29:56+00:00\",\"breadcrumb\":{\"@id\":\"https:\/\/www.bpl24.de\/en\/imprint\/#breadcrumb\"},\"inLanguage\":\"en-US\",\"potentialAction\":[{\"@type\":\"ReadAction\",\"target\":[\"https:\/\/www.bpl24.de\/en\/imprint\/\"]}]},{\"@type\":\"BreadcrumbList\",\"@id\":\"https:\/\/www.bpl24.de\/en\/imprint\/#breadcrumb\",\"itemListElement\":[{\"@type\":\"ListItem\",\"position\":1,\"name\":\"Startseite\",\"item\":\"https:\/\/www.bpl24.de\/en\/home\/\"},{\"@type\":\"ListItem\",\"position\":2,\"name\":\"imprint\"}]}]}<\/script>\n<!-- \/ Yoast SEO plugin. -->","yoast_head_json":{"title":"imprint - Ingenieurb\u00fcro | bpl24","robots":{"index":"index","follow":"follow","max-snippet":"max-snippet:-1","max-image-preview":"max-image-preview:large","max-video-preview":"max-video-preview:-1"},"canonical":"https:\/\/www.bpl24.de\/en\/imprint\/","og_locale":"en_US","og_type":"article","og_title":"imprint - Ingenieurb\u00fcro | bpl24","og_description":"Engineering office M\u00dcLLER &amp; LOBISCH GmbH At the business park 8 04860 Dreiheide OT S\u00fcptitz Phone : 03421\/706596 Fax: 03421\/706599 [&hellip;]","og_url":"https:\/\/www.bpl24.de\/en\/imprint\/","og_site_name":"Ingenieurb\u00fcro | bpl24","twitter_card":"summary","twitter_misc":{"Est. reading time":"1 minute"},"schema":{"@context":"https:\/\/schema.org","@graph":[{"@type":"Organization","@id":"https:\/\/www.bpl24.de\/en\/#organization","name":"Ingenieurb\u00fcro M\u00fcller & Lobisch GmbH","url":"https:\/\/www.bpl24.de\/en\/","sameAs":[],"logo":{"@type":"ImageObject","inLanguage":"en-US","@id":"https:\/\/www.bpl24.de\/en\/#\/schema\/logo\/image\/","url":"https:\/\/www.bpl24.de\/wp-content\/uploads\/2017\/02\/Logo-bpl24.jpg","contentUrl":"https:\/\/www.bpl24.de\/wp-content\/uploads\/2017\/02\/Logo-bpl24.jpg","width":600,"height":150,"caption":"Ingenieurb\u00fcro M\u00fcller & Lobisch GmbH"},"image":{"@id":"https:\/\/www.bpl24.de\/en\/#\/schema\/logo\/image\/"}},{"@type":"WebSite","@id":"https:\/\/www.bpl24.de\/en\/#website","url":"https:\/\/www.bpl24.de\/en\/","name":"Ingenieurb\u00fcro | bpl24","description":"Ingenieurb\u00fcro","publisher":{"@id":"https:\/\/www.bpl24.de\/en\/#organization"},"potentialAction":[{"@type":"SearchAction","target":{"@type":"EntryPoint","urlTemplate":"https:\/\/www.bpl24.de\/en\/?s={search_term_string}"},"query-input":"required name=search_term_string"}],"inLanguage":"en-US"},{"@type":"WebPage","@id":"https:\/\/www.bpl24.de\/en\/imprint\/#webpage","url":"https:\/\/www.bpl24.de\/en\/imprint\/","name":"imprint - Ingenieurb\u00fcro | bpl24","isPartOf":{"@id":"https:\/\/www.bpl24.de\/en\/#website"},"datePublished":"2017-02-12T17:29:56+00:00","dateModified":"2017-02-12T17:29:56+00:00","breadcrumb":{"@id":"https:\/\/www.bpl24.de\/en\/imprint\/#breadcrumb"},"inLanguage":"en-US","potentialAction":[{"@type":"ReadAction","target":["https:\/\/www.bpl24.de\/en\/imprint\/"]}]},{"@type":"BreadcrumbList","@id":"https:\/\/www.bpl24.de\/en\/imprint\/#breadcrumb","itemListElement":[{"@type":"ListItem","position":1,"name":"Startseite","item":"https:\/\/www.bpl24.de\/en\/home\/"},{"@type":"ListItem","position":2,"name":"imprint"}]}]}},"_links":{"self":[{"href":"https:\/\/www.bpl24.de\/en\/wp-json\/wp\/v2\/pages\/1523"}],"collection":[{"href":"https:\/\/www.bpl24.de\/en\/wp-json\/wp\/v2\/pages"}],"about":[{"href":"https:\/\/www.bpl24.de\/en\/wp-json\/wp\/v2\/types\/page"}],"author":[{"embeddable":true,"href":"https:\/\/www.bpl24.de\/en\/wp-json\/wp\/v2\/users\/1"}],"replies":[{"embeddable":true,"href":"https:\/\/www.bpl24.de\/en\/wp-json\/wp\/v2\/comments?post=1523"}],"version-history":[{"count":0,"href":"https:\/\/www.bpl24.de\/en\/wp-json\/wp\/v2\/pages\/1523\/revisions"}],"wp:attachment":[{"href":"https:\/\/www.bpl24.de\/en\/wp-json\/wp\/v2\/media?parent=1523"}],"curies":[{"name":"wp","href":"https:\/\/api.w.org\/{rel}","templated":true}]}}